{"id":87,"date":"2023-08-10T00:33:22","date_gmt":"2023-08-09T22:33:22","guid":{"rendered":"https:\/\/kimounette.fr\/?page_id=87"},"modified":"2024-05-28T16:14:42","modified_gmt":"2024-05-28T14:14:42","slug":"prendre-rendez-vous","status":"publish","type":"page","link":"https:\/\/kimounette.fr\/index.php\/prendre-rendez-vous\/","title":{"rendered":"Prendre rendez-vous"},"content":{"rendered":"<p>[et_pb_section fb_built=\u00a0\u00bb1&Prime; _builder_version=\u00a0\u00bb4.21.2&Prime; _module_preset=\u00a0\u00bbdefault\u00a0\u00bb custom_padding=\u00a0\u00bb||0px||false|false\u00a0\u00bb hover_enabled=\u00a0\u00bb0&Prime; global_colors_info=\u00a0\u00bb{%22gcid-2e31b7fd-d230-45c7-b215-75413a3430ad%22:%91%22border_color_top%22%93}\u00a0\u00bb border_width_top=\u00a0\u00bb1px\u00a0\u00bb border_color_top=\u00a0\u00bbgcid-2e31b7fd-d230-45c7-b215-75413a3430ad\u00a0\u00bb sticky_enabled=\u00a0\u00bb0&Prime;][et_pb_row _builder_version=\u00a0\u00bb4.21.2&Prime; _module_preset=\u00a0\u00bbdefault\u00a0\u00bb global_colors_info=\u00a0\u00bb{}\u00a0\u00bb][et_pb_column type=\u00a0\u00bb4_4&Prime; _builder_version=\u00a0\u00bb4.21.2&Prime; _module_preset=\u00a0\u00bbdefault\u00a0\u00bb global_colors_info=\u00a0\u00bb{}\u00a0\u00bb][et_pb_text _builder_version=\u00a0\u00bb4.21.2&Prime; _module_preset=\u00a0\u00bbdefault\u00a0\u00bb hover_enabled=\u00a0\u00bb0&Prime; global_colors_info=\u00a0\u00bb{%22gcid-bf11b58a-3825-4aa5-9b6e-5d8a197bb729%22:%91%22text_text_color%22%93}\u00a0\u00bb text_font=\u00a0\u00bbPoppins||||||||\u00a0\u00bb text_text_color=\u00a0\u00bbgcid-bf11b58a-3825-4aa5-9b6e-5d8a197bb729&Prime; text_font_size=\u00a0\u00bb30px\u00a0\u00bb sticky_enabled=\u00a0\u00bb0&Prime; text_line_height=\u00a0\u00bb1.3em\u00a0\u00bb text_orientation=\u00a0\u00bbcenter\u00a0\u00bb width=\u00a0\u00bb80%\u00a0\u00bb module_alignment=\u00a0\u00bbcenter\u00a0\u00bb]La prise de rendez-vous n&rsquo;est pas encore disponible.<br \/>\nEn attendant, vous pouvez me contacter ici :[\/et_pb_text][\/et_pb_column][\/et_pb_row][\/et_pb_section][et_pb_section fb_built=\u00a0\u00bb1&Prime; _builder_version=\u00a0\u00bb4.21.2&Prime; _module_preset=\u00a0\u00bbdefault\u00a0\u00bb global_colors_info=\u00a0\u00bb{}\u00a0\u00bb][et_pb_row column_structure=\u00a0\u00bb1_2,1_2&Prime; _builder_version=\u00a0\u00bb4.21.2&Prime; _module_preset=\u00a0\u00bbdefault\u00a0\u00bb global_colors_info=\u00a0\u00bb{}\u00a0\u00bb][et_pb_column type=\u00a0\u00bb1_2&Prime; _builder_version=\u00a0\u00bb4.21.2&Prime; _module_preset=\u00a0\u00bbdefault\u00a0\u00bb background_color=\u00a0\u00bbgcid-904649ba-8489-45ef-bc4d-794bd4d0fcba\u00a0\u00bb border_radii=\u00a0\u00bbon|15px|15px|15px|15px\u00a0\u00bb global_colors_info=\u00a0\u00bb{%22gcid-904649ba-8489-45ef-bc4d-794bd4d0fcba%22:%91%22background_color%22%93}\u00a0\u00bb][et_pb_icon font_icon=\u00a0\u00bb&#xf879;||fa||900&Prime; icon_color=\u00a0\u00bbgcid-bf11b58a-3825-4aa5-9b6e-5d8a197bb729&Prime; icon_width=\u00a0\u00bb30px\u00a0\u00bb _builder_version=\u00a0\u00bb4.21.2&Prime; _module_preset=\u00a0\u00bbdefault\u00a0\u00bb custom_margin=\u00a0\u00bb20px||10px||false|false\u00a0\u00bb custom_padding=\u00a0\u00bb15px|15px|15px|15px|true|true\u00a0\u00bb border_radii=\u00a0\u00bbon|50px|50px|50px|50px\u00a0\u00bb border_width_all=\u00a0\u00bb1px\u00a0\u00bb border_color_all=\u00a0\u00bbgcid-bf11b58a-3825-4aa5-9b6e-5d8a197bb729&Prime; global_colors_info=\u00a0\u00bb{%22gcid-bf11b58a-3825-4aa5-9b6e-5d8a197bb729%22:%91%22icon_color%22,%22border_color_all%22%93}\u00a0\u00bb][\/et_pb_icon][et_pb_text _builder_version=\u00a0\u00bb4.21.2&Prime; _module_preset=\u00a0\u00bbdefault\u00a0\u00bb text_font=\u00a0\u00bbGeorgia||||||||\u00a0\u00bb text_text_color=\u00a0\u00bbgcid-bf11b58a-3825-4aa5-9b6e-5d8a197bb729&Prime; text_font_size=\u00a0\u00bb16px\u00a0\u00bb text_orientation=\u00a0\u00bbcenter\u00a0\u00bb custom_margin=\u00a0\u00bb0px||0px||false|false\u00a0\u00bb custom_padding=\u00a0\u00bb0px||5px||false|false\u00a0\u00bb global_colors_info=\u00a0\u00bb{%22gcid-bf11b58a-3825-4aa5-9b6e-5d8a197bb729%22:%91%22text_text_color%22%93}\u00a0\u00bb]<\/p>\n<p>Par t\u00e9l\u00e9phone<\/p>\n<p>[\/et_pb_text][et_pb_text _builder_version=\u00a0\u00bb4.21.2&Prime; _module_preset=\u00a0\u00bbdefault\u00a0\u00bb text_font=\u00a0\u00bbPoppins||||||||\u00a0\u00bb text_text_color=\u00a0\u00bbgcid-bf11b58a-3825-4aa5-9b6e-5d8a197bb729&Prime; text_font_size=\u00a0\u00bb24px\u00a0\u00bb text_orientation=\u00a0\u00bbcenter\u00a0\u00bb custom_margin=\u00a0\u00bb0px||||false|false\u00a0\u00bb custom_padding=\u00a0\u00bb0px||20px||false|false\u00a0\u00bb global_colors_info=\u00a0\u00bb{%22gcid-bf11b58a-3825-4aa5-9b6e-5d8a197bb729%22:%91%22text_text_color%22%93}\u00a0\u00bb]<\/p>\n<p><a href=\"tel:0650682212\">06 50 68 22 17<\/a><\/p>\n<p>[\/et_pb_text][\/et_pb_column][et_pb_column type=\u00a0\u00bb1_2&Prime; _builder_version=\u00a0\u00bb4.21.2&Prime; _module_preset=\u00a0\u00bbdefault\u00a0\u00bb background_color=\u00a0\u00bbgcid-904649ba-8489-45ef-bc4d-794bd4d0fcba\u00a0\u00bb border_radii=\u00a0\u00bbon|15px|15px|15px|15px\u00a0\u00bb global_colors_info=\u00a0\u00bb{%22gcid-904649ba-8489-45ef-bc4d-794bd4d0fcba%22:%91%22background_color%22%93}\u00a0\u00bb][et_pb_icon font_icon=\u00a0\u00bb&#xe076;||divi||400&Prime; icon_color=\u00a0\u00bbgcid-bf11b58a-3825-4aa5-9b6e-5d8a197bb729&Prime; icon_width=\u00a0\u00bb30px\u00a0\u00bb _builder_version=\u00a0\u00bb4.21.2&Prime; _module_preset=\u00a0\u00bbdefault\u00a0\u00bb custom_margin=\u00a0\u00bb20px||10px||false|false\u00a0\u00bb custom_padding=\u00a0\u00bb15px|15px|15px|15px|true|true\u00a0\u00bb border_radii=\u00a0\u00bbon|50px|50px|50px|50px\u00a0\u00bb border_width_all=\u00a0\u00bb1px\u00a0\u00bb border_color_all=\u00a0\u00bbgcid-bf11b58a-3825-4aa5-9b6e-5d8a197bb729&Prime; global_colors_info=\u00a0\u00bb{%22gcid-bf11b58a-3825-4aa5-9b6e-5d8a197bb729%22:%91%22icon_color%22,%22border_color_all%22%93}\u00a0\u00bb][\/et_pb_icon][et_pb_text _builder_version=\u00a0\u00bb4.21.2&Prime; _module_preset=\u00a0\u00bbdefault\u00a0\u00bb text_font=\u00a0\u00bbGeorgia||||||||\u00a0\u00bb text_text_color=\u00a0\u00bbgcid-bf11b58a-3825-4aa5-9b6e-5d8a197bb729&Prime; text_font_size=\u00a0\u00bb16px\u00a0\u00bb text_orientation=\u00a0\u00bbcenter\u00a0\u00bb custom_margin=\u00a0\u00bb0px||0px||false|false\u00a0\u00bb custom_padding=\u00a0\u00bb0px||5px||false|false\u00a0\u00bb global_colors_info=\u00a0\u00bb{%22gcid-bf11b58a-3825-4aa5-9b6e-5d8a197bb729%22:%91%22text_text_color%22%93}\u00a0\u00bb]<\/p>\n<p>Par e-mail<\/p>\n<p>[\/et_pb_text][et_pb_text _builder_version=\u00a0\u00bb4.21.2&Prime; _module_preset=\u00a0\u00bbdefault\u00a0\u00bb text_font=\u00a0\u00bbPoppins||||||||\u00a0\u00bb text_text_color=\u00a0\u00bbgcid-bf11b58a-3825-4aa5-9b6e-5d8a197bb729&Prime; text_font_size=\u00a0\u00bb24px\u00a0\u00bb text_orientation=\u00a0\u00bbcenter\u00a0\u00bb custom_margin=\u00a0\u00bb0px||||false|false\u00a0\u00bb custom_padding=\u00a0\u00bb0px||20px||false|false\u00a0\u00bb global_colors_info=\u00a0\u00bb{%22gcid-bf11b58a-3825-4aa5-9b6e-5d8a197bb729%22:%91%22text_text_color%22%93}\u00a0\u00bb]<\/p>\n<p><a href=\"mailto:contact@kimounette.fr\">contact@kimounette.fr<\/a><\/p>\n<p>[\/et_pb_text][\/et_pb_column][\/et_pb_row][\/et_pb_section]<\/p>\n","protected":false},"excerpt":{"rendered":"<p>La prise de rendez-vous n&rsquo;est pas encore disponible. En attendant, vous pouvez me contacter ici :Par t\u00e9l\u00e9phone06 50 68 22 17Par e-mailcontact@kimounette.fr<\/p>\n","protected":false},"author":2,"featured_media":0,"parent":0,"menu_order":0,"comment_status":"closed","ping_status":"closed","template":"","meta":{"_et_pb_use_builder":"on","_et_pb_old_content":"<!-- wp:bookly\/form -->\n<div class=\"wp-block-bookly-form\">[bookly-form]<\/div>\n<!-- \/wp:bookly\/form -->","_et_gb_content_width":"","footnotes":""},"class_list":["post-87","page","type-page","status-publish","hentry"],"yoast_head":"<!-- This site is optimized with the Yoast SEO plugin v22.9 - https:\/\/yoast.com\/wordpress\/plugins\/seo\/ -->\n<title>Prendre rendez-vous - Kimounette<\/title>\n<meta name=\"robots\" content=\"index, follow, max-snippet:-1, max-image-preview:large, max-video-preview:-1\" \/>\n<link rel=\"canonical\" href=\"https:\/\/kimounette.fr\/index.php\/prendre-rendez-vous\/\" \/>\n<meta property=\"og:locale\" content=\"fr_FR\" \/>\n<meta property=\"og:type\" content=\"article\" \/>\n<meta property=\"og:title\" content=\"Prendre rendez-vous - Kimounette\" \/>\n<meta property=\"og:description\" content=\"La prise de rendez-vous n&#039;est pas encore disponible. En attendant, vous pouvez me contacter ici :Par t\u00e9l\u00e9phone06 50 68 22 17Par e-mailcontact@kimounette.fr\" \/>\n<meta property=\"og:url\" content=\"https:\/\/kimounette.fr\/index.php\/prendre-rendez-vous\/\" \/>\n<meta property=\"og:site_name\" content=\"Kimounette\" \/>\n<meta property=\"article:modified_time\" content=\"2024-05-28T14:14:42+00:00\" \/>\n<meta name=\"twitter:card\" content=\"summary_large_image\" \/>\n<script type=\"application\/ld+json\" class=\"yoast-schema-graph\">{\"@context\":\"https:\/\/schema.org\",\"@graph\":[{\"@type\":\"WebPage\",\"@id\":\"https:\/\/kimounette.fr\/index.php\/prendre-rendez-vous\/\",\"url\":\"https:\/\/kimounette.fr\/index.php\/prendre-rendez-vous\/\",\"name\":\"Prendre rendez-vous - Kimounette\",\"isPartOf\":{\"@id\":\"https:\/\/kimounette.fr\/#website\"},\"datePublished\":\"2023-08-09T22:33:22+00:00\",\"dateModified\":\"2024-05-28T14:14:42+00:00\",\"breadcrumb\":{\"@id\":\"https:\/\/kimounette.fr\/index.php\/prendre-rendez-vous\/#breadcrumb\"},\"inLanguage\":\"fr-FR\",\"potentialAction\":[{\"@type\":\"ReadAction\",\"target\":[\"https:\/\/kimounette.fr\/index.php\/prendre-rendez-vous\/\"]}]},{\"@type\":\"BreadcrumbList\",\"@id\":\"https:\/\/kimounette.fr\/index.php\/prendre-rendez-vous\/#breadcrumb\",\"itemListElement\":[{\"@type\":\"ListItem\",\"position\":1,\"name\":\"Home\",\"item\":\"https:\/\/kimounette.fr\/\"},{\"@type\":\"ListItem\",\"position\":2,\"name\":\"Prendre rendez-vous\"}]},{\"@type\":\"WebSite\",\"@id\":\"https:\/\/kimounette.fr\/#website\",\"url\":\"https:\/\/kimounette.fr\/\",\"name\":\"Kimounette\",\"description\":\"Accompagnante \u00e0 la parentalit\u00e9 \u00e0 Julienas\",\"publisher\":{\"@id\":\"https:\/\/kimounette.fr\/#organization\"},\"potentialAction\":[{\"@type\":\"SearchAction\",\"target\":{\"@type\":\"EntryPoint\",\"urlTemplate\":\"https:\/\/kimounette.fr\/?s={search_term_string}\"},\"query-input\":\"required name=search_term_string\"}],\"inLanguage\":\"fr-FR\"},{\"@type\":\"Organization\",\"@id\":\"https:\/\/kimounette.fr\/#organization\",\"name\":\"Kimounette\",\"alternateName\":\"Kimounette\",\"url\":\"https:\/\/kimounette.fr\/\",\"logo\":{\"@type\":\"ImageObject\",\"inLanguage\":\"fr-FR\",\"@id\":\"https:\/\/kimounette.fr\/#\/schema\/logo\/image\/\",\"url\":\"https:\/\/kimounette.fr\/wp-content\/uploads\/2023\/08\/cropped-KIMOUNETTE_LOGO_DECLINAISON_V2_ROUGE.png\",\"contentUrl\":\"https:\/\/kimounette.fr\/wp-content\/uploads\/2023\/08\/cropped-KIMOUNETTE_LOGO_DECLINAISON_V2_ROUGE.png\",\"width\":512,\"height\":512,\"caption\":\"Kimounette\"},\"image\":{\"@id\":\"https:\/\/kimounette.fr\/#\/schema\/logo\/image\/\"},\"sameAs\":[\"https:\/\/www.instagram.com\/kimounette_fr\/\"]}]}<\/script>\n<!-- \/ Yoast SEO plugin. -->","yoast_head_json":{"title":"Prendre rendez-vous - Kimounette","robots":{"index":"index","follow":"follow","max-snippet":"max-snippet:-1","max-image-preview":"max-image-preview:large","max-video-preview":"max-video-preview:-1"},"canonical":"https:\/\/kimounette.fr\/index.php\/prendre-rendez-vous\/","og_locale":"fr_FR","og_type":"article","og_title":"Prendre rendez-vous - Kimounette","og_description":"La prise de rendez-vous n'est pas encore disponible. En attendant, vous pouvez me contacter ici :Par t\u00e9l\u00e9phone06 50 68 22 17Par e-mailcontact@kimounette.fr","og_url":"https:\/\/kimounette.fr\/index.php\/prendre-rendez-vous\/","og_site_name":"Kimounette","article_modified_time":"2024-05-28T14:14:42+00:00","twitter_card":"summary_large_image","schema":{"@context":"https:\/\/schema.org","@graph":[{"@type":"WebPage","@id":"https:\/\/kimounette.fr\/index.php\/prendre-rendez-vous\/","url":"https:\/\/kimounette.fr\/index.php\/prendre-rendez-vous\/","name":"Prendre rendez-vous - Kimounette","isPartOf":{"@id":"https:\/\/kimounette.fr\/#website"},"datePublished":"2023-08-09T22:33:22+00:00","dateModified":"2024-05-28T14:14:42+00:00","breadcrumb":{"@id":"https:\/\/kimounette.fr\/index.php\/prendre-rendez-vous\/#breadcrumb"},"inLanguage":"fr-FR","potentialAction":[{"@type":"ReadAction","target":["https:\/\/kimounette.fr\/index.php\/prendre-rendez-vous\/"]}]},{"@type":"BreadcrumbList","@id":"https:\/\/kimounette.fr\/index.php\/prendre-rendez-vous\/#breadcrumb","itemListElement":[{"@type":"ListItem","position":1,"name":"Home","item":"https:\/\/kimounette.fr\/"},{"@type":"ListItem","position":2,"name":"Prendre rendez-vous"}]},{"@type":"WebSite","@id":"https:\/\/kimounette.fr\/#website","url":"https:\/\/kimounette.fr\/","name":"Kimounette","description":"Accompagnante \u00e0 la parentalit\u00e9 \u00e0 Julienas","publisher":{"@id":"https:\/\/kimounette.fr\/#organization"},"potentialAction":[{"@type":"SearchAction","target":{"@type":"EntryPoint","urlTemplate":"https:\/\/kimounette.fr\/?s={search_term_string}"},"query-input":"required name=search_term_string"}],"inLanguage":"fr-FR"},{"@type":"Organization","@id":"https:\/\/kimounette.fr\/#organization","name":"Kimounette","alternateName":"Kimounette","url":"https:\/\/kimounette.fr\/","logo":{"@type":"ImageObject","inLanguage":"fr-FR","@id":"https:\/\/kimounette.fr\/#\/schema\/logo\/image\/","url":"https:\/\/kimounette.fr\/wp-content\/uploads\/2023\/08\/cropped-KIMOUNETTE_LOGO_DECLINAISON_V2_ROUGE.png","contentUrl":"https:\/\/kimounette.fr\/wp-content\/uploads\/2023\/08\/cropped-KIMOUNETTE_LOGO_DECLINAISON_V2_ROUGE.png","width":512,"height":512,"caption":"Kimounette"},"image":{"@id":"https:\/\/kimounette.fr\/#\/schema\/logo\/image\/"},"sameAs":["https:\/\/www.instagram.com\/kimounette_fr\/"]}]}},"_links":{"self":[{"href":"https:\/\/kimounette.fr\/index.php\/wp-json\/wp\/v2\/pages\/87","targetHints":{"allow":["GET"]}}],"collection":[{"href":"https:\/\/kimounette.fr\/index.php\/wp-json\/wp\/v2\/pages"}],"about":[{"href":"https:\/\/kimounette.fr\/index.php\/wp-json\/wp\/v2\/types\/page"}],"author":[{"embeddable":true,"href":"https:\/\/kimounette.fr\/index.php\/wp-json\/wp\/v2\/users\/2"}],"replies":[{"embeddable":true,"href":"https:\/\/kimounette.fr\/index.php\/wp-json\/wp\/v2\/comments?post=87"}],"version-history":[{"count":14,"href":"https:\/\/kimounette.fr\/index.php\/wp-json\/wp\/v2\/pages\/87\/revisions"}],"predecessor-version":[{"id":620,"href":"https:\/\/kimounette.fr\/index.php\/wp-json\/wp\/v2\/pages\/87\/revisions\/620"}],"wp:attachment":[{"href":"https:\/\/kimounette.fr\/index.php\/wp-json\/wp\/v2\/media?parent=87"}],"curies":[{"name":"wp","href":"https:\/\/api.w.org\/{rel}","templated":true}]}}