{"id":647,"date":"2024-06-25T17:03:16","date_gmt":"2024-06-25T15:03:16","guid":{"rendered":"https:\/\/kimounette.fr\/?page_id=647"},"modified":"2024-06-25T18:36:08","modified_gmt":"2024-06-25T16:36:08","slug":"mes-conseils","status":"publish","type":"page","link":"https:\/\/kimounette.fr\/index.php\/mes-conseils\/","title":{"rendered":"Articles et conseils"},"content":{"rendered":"<p>[et_pb_section fb_built=\u00a0\u00bb1&Prime; admin_label=\u00a0\u00bbHeader\u00a0\u00bb _builder_version=\u00a0\u00bb4.20.0&Prime; _module_preset=\u00a0\u00bbdefault\u00a0\u00bb background_color=\u00a0\u00bbgcid-904649ba-8489-45ef-bc4d-794bd4d0fcba\u00a0\u00bb collapsed=\u00a0\u00bbon\u00a0\u00bb global_colors_info=\u00a0\u00bb{%22gcid-904649ba-8489-45ef-bc4d-794bd4d0fcba%22:%91%22background_color%22%93}\u00a0\u00bb][et_pb_row _builder_version=\u00a0\u00bb4.20.0&Prime; _module_preset=\u00a0\u00bbdefault\u00a0\u00bb global_colors_info=\u00a0\u00bb{}\u00a0\u00bb][et_pb_column type=\u00a0\u00bb4_4&Prime; _builder_version=\u00a0\u00bb4.20.0&Prime; _module_preset=\u00a0\u00bbdefault\u00a0\u00bb global_colors_info=\u00a0\u00bb{}\u00a0\u00bb][et_pb_text _builder_version=\u00a0\u00bb4.25.2&Prime; _module_preset=\u00a0\u00bbef31d5df-df80-42dd-bbfb-711a98be199e\u00a0\u00bb header_font=\u00a0\u00bb&#8211;et_global_body_font|500|||||||\u00a0\u00bb header_text_color=\u00a0\u00bbgcid-2e31b7fd-d230-45c7-b215-75413a3430ad\u00a0\u00bb global_colors_info=\u00a0\u00bb{%22gcid-2e31b7fd-d230-45c7-b215-75413a3430ad%22:%91%22header_text_color%22%93}\u00a0\u00bb]<\/p>\n<h1>Articles &#038; Conseils<\/h1>\n<p>[\/et_pb_text][et_pb_blog posts_number=\u00a0\u00bb3&Prime; include_categories=\u00a0\u00bball\u00a0\u00bb _builder_version=\u00a0\u00bb4.25.2&Prime; _module_preset=\u00a0\u00bb67869541-a357-4735-8828-f07dc5b4b3f4&Prime; header_font=\u00a0\u00bb&#8211;et_global_body_font|500|||||||\u00a0\u00bb meta_text_color=\u00a0\u00bbgcid-4d43e4e1-32f9-4895-820b-82ada2c208ac\u00a0\u00bb read_more_font=\u00a0\u00bb&#8211;et_global_heading_font|700||on|||||\u00a0\u00bb read_more_text_color=\u00a0\u00bbgcid-404de371-1919-4783-a8a1-9d5af4175485&Prime; read_more_line_height=\u00a0\u00bb2.1em\u00a0\u00bb locked=\u00a0\u00bboff\u00a0\u00bb global_colors_info=\u00a0\u00bb{%22gcid-593669bf-7b77-45f1-89ce-cfe13309ccf8%22:%91%22text_text_color%22,%22body_text_color%22,%22pagination_text_color%22,%22read_more_text_color%22,%22text_text_color%22,%22body_text_color%22,%22pagination_text_color%22,%22read_more_text_color%22,%22text_text_color%22,%22body_text_color%22,%22pagination_text_color%22,%22read_more_text_color%22,%22text_text_color%22,%22body_text_color%22,%22pagination_text_color%22%93,%22gcid-404de371-1919-4783-a8a1-9d5af4175485%22:%91%22read_more_text_color%22%93,%22gcid-4d43e4e1-32f9-4895-820b-82ada2c208ac%22:%91%22meta_text_color%22%93}\u00a0\u00bb][\/et_pb_blog][\/et_pb_column][\/et_pb_row][\/et_pb_section]<\/p>\n","protected":false},"excerpt":{"rendered":"<p>Articles &#038; Conseils<\/p>\n","protected":false},"author":2,"featured_media":0,"parent":0,"menu_order":0,"comment_status":"closed","ping_status":"closed","template":"","meta":{"_et_pb_use_builder":"on","_et_pb_old_content":"","_et_gb_content_width":"","footnotes":""},"class_list":["post-647","page","type-page","status-publish","hentry"],"yoast_head":"<!-- This site is optimized with the Yoast SEO plugin v22.9 - https:\/\/yoast.com\/wordpress\/plugins\/seo\/ -->\n<title>Articles et conseils - Kimounette<\/title>\n<meta name=\"robots\" content=\"index, follow, max-snippet:-1, max-image-preview:large, max-video-preview:-1\" \/>\n<link rel=\"canonical\" href=\"https:\/\/kimounette.fr\/index.php\/mes-conseils\/\" \/>\n<meta property=\"og:locale\" content=\"fr_FR\" \/>\n<meta property=\"og:type\" content=\"article\" \/>\n<meta property=\"og:title\" content=\"Articles et conseils - Kimounette\" \/>\n<meta property=\"og:description\" content=\"Articles &amp; Conseils\" \/>\n<meta property=\"og:url\" content=\"https:\/\/kimounette.fr\/index.php\/mes-conseils\/\" \/>\n<meta property=\"og:site_name\" content=\"Kimounette\" \/>\n<meta property=\"article:modified_time\" content=\"2024-06-25T16:36:08+00:00\" \/>\n<meta name=\"twitter:card\" content=\"summary_large_image\" \/>\n<script type=\"application\/ld+json\" class=\"yoast-schema-graph\">{\"@context\":\"https:\/\/schema.org\",\"@graph\":[{\"@type\":\"WebPage\",\"@id\":\"https:\/\/kimounette.fr\/index.php\/mes-conseils\/\",\"url\":\"https:\/\/kimounette.fr\/index.php\/mes-conseils\/\",\"name\":\"Articles et conseils - Kimounette\",\"isPartOf\":{\"@id\":\"https:\/\/kimounette.fr\/#website\"},\"datePublished\":\"2024-06-25T15:03:16+00:00\",\"dateModified\":\"2024-06-25T16:36:08+00:00\",\"breadcrumb\":{\"@id\":\"https:\/\/kimounette.fr\/index.php\/mes-conseils\/#breadcrumb\"},\"inLanguage\":\"fr-FR\",\"potentialAction\":[{\"@type\":\"ReadAction\",\"target\":[\"https:\/\/kimounette.fr\/index.php\/mes-conseils\/\"]}]},{\"@type\":\"BreadcrumbList\",\"@id\":\"https:\/\/kimounette.fr\/index.php\/mes-conseils\/#breadcrumb\",\"itemListElement\":[{\"@type\":\"ListItem\",\"position\":1,\"name\":\"Home\",\"item\":\"https:\/\/kimounette.fr\/\"},{\"@type\":\"ListItem\",\"position\":2,\"name\":\"Articles et conseils\"}]},{\"@type\":\"WebSite\",\"@id\":\"https:\/\/kimounette.fr\/#website\",\"url\":\"https:\/\/kimounette.fr\/\",\"name\":\"Kimounette\",\"description\":\"Accompagnante \u00e0 la parentalit\u00e9 \u00e0 Julienas\",\"publisher\":{\"@id\":\"https:\/\/kimounette.fr\/#organization\"},\"potentialAction\":[{\"@type\":\"SearchAction\",\"target\":{\"@type\":\"EntryPoint\",\"urlTemplate\":\"https:\/\/kimounette.fr\/?s={search_term_string}\"},\"query-input\":\"required name=search_term_string\"}],\"inLanguage\":\"fr-FR\"},{\"@type\":\"Organization\",\"@id\":\"https:\/\/kimounette.fr\/#organization\",\"name\":\"Kimounette\",\"alternateName\":\"Kimounette\",\"url\":\"https:\/\/kimounette.fr\/\",\"logo\":{\"@type\":\"ImageObject\",\"inLanguage\":\"fr-FR\",\"@id\":\"https:\/\/kimounette.fr\/#\/schema\/logo\/image\/\",\"url\":\"https:\/\/kimounette.fr\/wp-content\/uploads\/2023\/08\/cropped-KIMOUNETTE_LOGO_DECLINAISON_V2_ROUGE.png\",\"contentUrl\":\"https:\/\/kimounette.fr\/wp-content\/uploads\/2023\/08\/cropped-KIMOUNETTE_LOGO_DECLINAISON_V2_ROUGE.png\",\"width\":512,\"height\":512,\"caption\":\"Kimounette\"},\"image\":{\"@id\":\"https:\/\/kimounette.fr\/#\/schema\/logo\/image\/\"},\"sameAs\":[\"https:\/\/www.instagram.com\/kimounette_fr\/\"]}]}<\/script>\n<!-- \/ Yoast SEO plugin. -->","yoast_head_json":{"title":"Articles et conseils - Kimounette","robots":{"index":"index","follow":"follow","max-snippet":"max-snippet:-1","max-image-preview":"max-image-preview:large","max-video-preview":"max-video-preview:-1"},"canonical":"https:\/\/kimounette.fr\/index.php\/mes-conseils\/","og_locale":"fr_FR","og_type":"article","og_title":"Articles et conseils - Kimounette","og_description":"Articles & Conseils","og_url":"https:\/\/kimounette.fr\/index.php\/mes-conseils\/","og_site_name":"Kimounette","article_modified_time":"2024-06-25T16:36:08+00:00","twitter_card":"summary_large_image","schema":{"@context":"https:\/\/schema.org","@graph":[{"@type":"WebPage","@id":"https:\/\/kimounette.fr\/index.php\/mes-conseils\/","url":"https:\/\/kimounette.fr\/index.php\/mes-conseils\/","name":"Articles et conseils - Kimounette","isPartOf":{"@id":"https:\/\/kimounette.fr\/#website"},"datePublished":"2024-06-25T15:03:16+00:00","dateModified":"2024-06-25T16:36:08+00:00","breadcrumb":{"@id":"https:\/\/kimounette.fr\/index.php\/mes-conseils\/#breadcrumb"},"inLanguage":"fr-FR","potentialAction":[{"@type":"ReadAction","target":["https:\/\/kimounette.fr\/index.php\/mes-conseils\/"]}]},{"@type":"BreadcrumbList","@id":"https:\/\/kimounette.fr\/index.php\/mes-conseils\/#breadcrumb","itemListElement":[{"@type":"ListItem","position":1,"name":"Home","item":"https:\/\/kimounette.fr\/"},{"@type":"ListItem","position":2,"name":"Articles et conseils"}]},{"@type":"WebSite","@id":"https:\/\/kimounette.fr\/#website","url":"https:\/\/kimounette.fr\/","name":"Kimounette","description":"Accompagnante \u00e0 la parentalit\u00e9 \u00e0 Julienas","publisher":{"@id":"https:\/\/kimounette.fr\/#organization"},"potentialAction":[{"@type":"SearchAction","target":{"@type":"EntryPoint","urlTemplate":"https:\/\/kimounette.fr\/?s={search_term_string}"},"query-input":"required name=search_term_string"}],"inLanguage":"fr-FR"},{"@type":"Organization","@id":"https:\/\/kimounette.fr\/#organization","name":"Kimounette","alternateName":"Kimounette","url":"https:\/\/kimounette.fr\/","logo":{"@type":"ImageObject","inLanguage":"fr-FR","@id":"https:\/\/kimounette.fr\/#\/schema\/logo\/image\/","url":"https:\/\/kimounette.fr\/wp-content\/uploads\/2023\/08\/cropped-KIMOUNETTE_LOGO_DECLINAISON_V2_ROUGE.png","contentUrl":"https:\/\/kimounette.fr\/wp-content\/uploads\/2023\/08\/cropped-KIMOUNETTE_LOGO_DECLINAISON_V2_ROUGE.png","width":512,"height":512,"caption":"Kimounette"},"image":{"@id":"https:\/\/kimounette.fr\/#\/schema\/logo\/image\/"},"sameAs":["https:\/\/www.instagram.com\/kimounette_fr\/"]}]}},"_links":{"self":[{"href":"https:\/\/kimounette.fr\/index.php\/wp-json\/wp\/v2\/pages\/647","targetHints":{"allow":["GET"]}}],"collection":[{"href":"https:\/\/kimounette.fr\/index.php\/wp-json\/wp\/v2\/pages"}],"about":[{"href":"https:\/\/kimounette.fr\/index.php\/wp-json\/wp\/v2\/types\/page"}],"author":[{"embeddable":true,"href":"https:\/\/kimounette.fr\/index.php\/wp-json\/wp\/v2\/users\/2"}],"replies":[{"embeddable":true,"href":"https:\/\/kimounette.fr\/index.php\/wp-json\/wp\/v2\/comments?post=647"}],"version-history":[{"count":6,"href":"https:\/\/kimounette.fr\/index.php\/wp-json\/wp\/v2\/pages\/647\/revisions"}],"predecessor-version":[{"id":677,"href":"https:\/\/kimounette.fr\/index.php\/wp-json\/wp\/v2\/pages\/647\/revisions\/677"}],"wp:attachment":[{"href":"https:\/\/kimounette.fr\/index.php\/wp-json\/wp\/v2\/media?parent=647"}],"curies":[{"name":"wp","href":"https:\/\/api.w.org\/{rel}","templated":true}]}}